{"id":873,"date":"2017-03-14T21:50:58","date_gmt":"2017-03-14T21:50:58","guid":{"rendered":"https:\/\/mmcarnot.com\/landing\/"},"modified":"2025-07-16T14:23:13","modified_gmt":"2025-07-16T14:23:13","slug":"landing","status":"publish","type":"page","link":"https:\/\/mmcarnot.com\/fr\/","title":{"rendered":"Accueil"},"content":{"rendered":"<p>Lorem ipsum dolor sit amet, per ei propriae assentior posidonium. Et mucius nonumes liberavisse sit, legendos petentium ullamcorper ne duo, ex error tritani maiestatis quo. Nam ut atqui copiosae constituto, qui no quot prima nemore. Ad pri libris audire nominati, an per melius pertinacia delicatissimi.<\/p>\n<p>Pro ea ferri ignota doming, graeci conclusionemque ut nam. Per id habeo essent tibique, dico elitr minimum ex nam. Id sea suavitate definiebas, ea eum unum nullam intellegat. Usu eu veri dictas, per probo debet minimum ex.<\/p>\n","protected":false},"excerpt":{"rendered":"<p>Lorem ipsum dolor sit amet, per ei propriae assentior posidonium. Et mucius nonumes liberavisse sit, legendos petentium ullamcorper ne duo, ex error tritani maiestatis quo. Nam ut atqui copiosae constituto, qui no quot prima nemore. Ad pri libris audire nominati, an per melius pertinacia delicatissimi. Pro ea ferri ignota doming, graeci conclusionemque ut nam. Per id habeo essent tibique, dico elitr minimum ex nam. Id sea suavitate definiebas, ea eum unum nullam intellegat. Usu eu veri dictas, per probo debet minimum ex.<\/p>\n","protected":false},"author":1,"featured_media":0,"parent":0,"menu_order":0,"comment_status":"closed","ping_status":"closed","template":"","meta":{"_acf_changed":false,"footnotes":""},"class_list":["post-873","page","type-page","status-publish","hentry"],"acf":[],"yoast_head":"<!-- This site is optimized with the Yoast SEO plugin v27.3 - https:\/\/yoast.com\/product\/yoast-seo-wordpress\/ -->\n<title>Accueil | M&amp;M Carnot<\/title>\n<meta name=\"description\" content=\"Notre vision est de cr\u00e9er et de d\u00e9velopper des syst\u00e8mes de r\u00e9frig\u00e9ration globaux respectueux de l&#039;environnement dans toutes les industries. Nous nous effor\u00e7ons de faire en sorte que chaque client ait la possibilit\u00e9 d&#039;utiliser des r\u00e9frig\u00e9rants naturels plut\u00f4t que des r\u00e9frig\u00e9rants synth\u00e9tiques qui sont nocifs pour la plan\u00e8te. C&#039;est pourquoi nous nous engageons \u00e0 utiliser des r\u00e9frig\u00e9rants respectueux de l&#039;environnement, notamment l&#039;ammoniac, le Cascade Ammonia-CO2 et le CO2 transcritique.\" \/>\n<meta name=\"robots\" content=\"index, follow, max-snippet:-1, max-image-preview:large, max-video-preview:-1\" \/>\n<link rel=\"canonical\" href=\"https:\/\/mmcarnot.com\/fr\/\" \/>\n<meta property=\"og:locale\" content=\"fr_FR\" \/>\n<meta property=\"og:type\" content=\"article\" \/>\n<meta property=\"og:title\" content=\"M&amp;M Carnot\" \/>\n<meta property=\"og:description\" content=\"Chez M&amp;M Carnot, notre mission est de refroidir le monde en fournissant \u00e0 nos clients des solutions de r\u00e9frig\u00e9ration naturelle, des syst\u00e8mes et des contr\u00f4les innovants, s\u00fbrs et durables pour les personnes et notre plan\u00e8te.\" \/>\n<meta property=\"og:url\" content=\"https:\/\/mmcarnot.com\/fr\/\" \/>\n<meta property=\"og:site_name\" content=\"M&amp;M Carnot\" \/>\n<meta property=\"article:modified_time\" content=\"2025-07-16T14:23:13+00:00\" \/>\n<meta property=\"og:image\" content=\"https:\/\/mmcarnot.com\/wp-content\/uploads\/2023\/02\/mm-carnot-website-1024x541.jpg\" \/>\n<meta name=\"twitter:card\" content=\"summary_large_image\" \/>\n<meta name=\"twitter:label1\" content=\"Dur\u00e9e de lecture estim\u00e9e\" \/>\n\t<meta name=\"twitter:data1\" content=\"1 minute\" \/>\n<script type=\"application\/ld+json\" class=\"yoast-schema-graph\">{\"@context\":\"https:\\\/\\\/schema.org\",\"@graph\":[{\"@type\":\"WebPage\",\"@id\":\"https:\\\/\\\/mmcarnot.com\\\/fr\\\/\",\"url\":\"https:\\\/\\\/mmcarnot.com\\\/fr\\\/\",\"name\":\"Accueil | M&amp;M Carnot\",\"isPartOf\":{\"@id\":\"https:\\\/\\\/mmcarnot.com\\\/fr\\\/#website\"},\"datePublished\":\"2017-03-14T21:50:58+00:00\",\"dateModified\":\"2025-07-16T14:23:13+00:00\",\"description\":\"Notre vision est de cr\u00e9er et de d\u00e9velopper des syst\u00e8mes de r\u00e9frig\u00e9ration globaux respectueux de l'environnement dans toutes les industries. Nous nous effor\u00e7ons de faire en sorte que chaque client ait la possibilit\u00e9 d'utiliser des r\u00e9frig\u00e9rants naturels plut\u00f4t que des r\u00e9frig\u00e9rants synth\u00e9tiques qui sont nocifs pour la plan\u00e8te. C'est pourquoi nous nous engageons \u00e0 utiliser des r\u00e9frig\u00e9rants respectueux de l'environnement, notamment l'ammoniac, le Cascade Ammonia-CO2 et le CO2 transcritique.\",\"inLanguage\":\"fr-FR\",\"potentialAction\":[{\"@type\":\"ReadAction\",\"target\":[\"https:\\\/\\\/mmcarnot.com\\\/fr\\\/\"]}]},{\"@type\":\"WebSite\",\"@id\":\"https:\\\/\\\/mmcarnot.com\\\/fr\\\/#website\",\"url\":\"https:\\\/\\\/mmcarnot.com\\\/fr\\\/\",\"name\":\"M&amp;M Carnot\",\"description\":\"We&#039;re on a mission to cool the world.\",\"potentialAction\":[{\"@type\":\"SearchAction\",\"target\":{\"@type\":\"EntryPoint\",\"urlTemplate\":\"https:\\\/\\\/mmcarnot.com\\\/fr\\\/?s={search_term_string}\"},\"query-input\":{\"@type\":\"PropertyValueSpecification\",\"valueRequired\":true,\"valueName\":\"search_term_string\"}}],\"inLanguage\":\"fr-FR\"}]}<\/script>\n<!-- \/ Yoast SEO plugin. -->","yoast_head_json":{"title":"Accueil | M&amp;M Carnot","description":"Notre vision est de cr\u00e9er et de d\u00e9velopper des syst\u00e8mes de r\u00e9frig\u00e9ration globaux respectueux de l'environnement dans toutes les industries. Nous nous effor\u00e7ons de faire en sorte que chaque client ait la possibilit\u00e9 d'utiliser des r\u00e9frig\u00e9rants naturels plut\u00f4t que des r\u00e9frig\u00e9rants synth\u00e9tiques qui sont nocifs pour la plan\u00e8te. C'est pourquoi nous nous engageons \u00e0 utiliser des r\u00e9frig\u00e9rants respectueux de l'environnement, notamment l'ammoniac, le Cascade Ammonia-CO2 et le CO2 transcritique.","robots":{"index":"index","follow":"follow","max-snippet":"max-snippet:-1","max-image-preview":"max-image-preview:large","max-video-preview":"max-video-preview:-1"},"canonical":"https:\/\/mmcarnot.com\/fr\/","og_locale":"fr_FR","og_type":"article","og_title":"M&M Carnot","og_description":"Chez M&M Carnot, notre mission est de refroidir le monde en fournissant \u00e0 nos clients des solutions de r\u00e9frig\u00e9ration naturelle, des syst\u00e8mes et des contr\u00f4les innovants, s\u00fbrs et durables pour les personnes et notre plan\u00e8te.","og_url":"https:\/\/mmcarnot.com\/fr\/","og_site_name":"M&amp;M Carnot","article_modified_time":"2025-07-16T14:23:13+00:00","og_image":[{"url":"https:\/\/mmcarnot.com\/wp-content\/uploads\/2023\/02\/mm-carnot-website-1024x541.jpg","type":"","width":"","height":""}],"twitter_card":"summary_large_image","twitter_misc":{"Dur\u00e9e de lecture estim\u00e9e":"1 minute"},"schema":{"@context":"https:\/\/schema.org","@graph":[{"@type":"WebPage","@id":"https:\/\/mmcarnot.com\/fr\/","url":"https:\/\/mmcarnot.com\/fr\/","name":"Accueil | M&amp;M Carnot","isPartOf":{"@id":"https:\/\/mmcarnot.com\/fr\/#website"},"datePublished":"2017-03-14T21:50:58+00:00","dateModified":"2025-07-16T14:23:13+00:00","description":"Notre vision est de cr\u00e9er et de d\u00e9velopper des syst\u00e8mes de r\u00e9frig\u00e9ration globaux respectueux de l'environnement dans toutes les industries. Nous nous effor\u00e7ons de faire en sorte que chaque client ait la possibilit\u00e9 d'utiliser des r\u00e9frig\u00e9rants naturels plut\u00f4t que des r\u00e9frig\u00e9rants synth\u00e9tiques qui sont nocifs pour la plan\u00e8te. C'est pourquoi nous nous engageons \u00e0 utiliser des r\u00e9frig\u00e9rants respectueux de l'environnement, notamment l'ammoniac, le Cascade Ammonia-CO2 et le CO2 transcritique.","inLanguage":"fr-FR","potentialAction":[{"@type":"ReadAction","target":["https:\/\/mmcarnot.com\/fr\/"]}]},{"@type":"WebSite","@id":"https:\/\/mmcarnot.com\/fr\/#website","url":"https:\/\/mmcarnot.com\/fr\/","name":"M&amp;M Carnot","description":"We&#039;re on a mission to cool the world.","potentialAction":[{"@type":"SearchAction","target":{"@type":"EntryPoint","urlTemplate":"https:\/\/mmcarnot.com\/fr\/?s={search_term_string}"},"query-input":{"@type":"PropertyValueSpecification","valueRequired":true,"valueName":"search_term_string"}}],"inLanguage":"fr-FR"}]}},"_links":{"self":[{"href":"https:\/\/mmcarnot.com\/fr\/wp-json\/wp\/v2\/pages\/873","targetHints":{"allow":["GET"]}}],"collection":[{"href":"https:\/\/mmcarnot.com\/fr\/wp-json\/wp\/v2\/pages"}],"about":[{"href":"https:\/\/mmcarnot.com\/fr\/wp-json\/wp\/v2\/types\/page"}],"author":[{"embeddable":true,"href":"https:\/\/mmcarnot.com\/fr\/wp-json\/wp\/v2\/users\/1"}],"replies":[{"embeddable":true,"href":"https:\/\/mmcarnot.com\/fr\/wp-json\/wp\/v2\/comments?post=873"}],"version-history":[{"count":16,"href":"https:\/\/mmcarnot.com\/fr\/wp-json\/wp\/v2\/pages\/873\/revisions"}],"predecessor-version":[{"id":13150,"href":"https:\/\/mmcarnot.com\/fr\/wp-json\/wp\/v2\/pages\/873\/revisions\/13150"}],"wp:attachment":[{"href":"https:\/\/mmcarnot.com\/fr\/wp-json\/wp\/v2\/media?parent=873"}],"curies":[{"name":"wp","href":"https:\/\/api.w.org\/{rel}","templated":true}]}}